{"id":9,"date":"2026-04-04T14:55:02","date_gmt":"2026-04-04T14:55:02","guid":{"rendered":"https:\/\/tridentcarclub.website\/?page_id=9"},"modified":"2026-04-04T14:55:25","modified_gmt":"2026-04-04T14:55:25","slug":"9-2","status":"publish","type":"page","link":"https:\/\/tridentcarclub.website\/","title":{"rendered":"cm88"},"content":{"rendered":"\n<div class=\"row\"  id=\"row-244278966\">\n\n\n\t<div id=\"col-1946782350\" class=\"col small-12 large-12\"  >\n\t\t\t\t<div class=\"col-inner\"  >\n\t\t\t\n\t\t\t\n\n<h1 style=\"text-align: center;\"><strong>CM88 \u2013 Tr\u1ea3i nghi\u1ec7m gi\u1ea3i tr\u00ed tr\u1ef1c tuy\u1ebfn theo c\u00e1ch ri\u00eang<\/strong><\/h1>\n<p>Kh\u00f4ng ph\u1ea3i n\u1ec1n t\u1ea3ng n\u00e0o c\u0169ng t\u1ea1o \u0111\u01b0\u1ee3c d\u1ea5u \u1ea5n ri\u00eang trong th\u1ecb tr\u01b0\u1eddng gi\u1ea3i tr\u00ed tr\u1ef1c tuy\u1ebfn, nh\u01b0ng CM88 \u0111ang d\u1ea7n l\u00e0m \u0111\u01b0\u1ee3c \u0111i\u1ec1u \u0111\u00f3 b\u1eb1ng c\u00e1ch t\u1eadp trung v\u00e0o nh\u1eefng gi\u00e1 tr\u1ecb c\u1ed1t l\u00f5i m\u00e0 ng\u01b0\u1eddi d\u00f9ng th\u1ef1c s\u1ef1 quan t\u00e2m. Thay v\u00ec ph\u1ee9c t\u1ea1p h\u00f3a m\u1ecdi th\u1ee9, CM88 h\u01b0\u1edbng \u0111\u1ebfn s\u1ef1 \u0111\u01a1n gi\u1ea3n, d\u1ec5 ti\u1ebfp c\u1eadn nh\u01b0ng v\u1eabn \u0111\u1ea3m b\u1ea3o hi\u1ec7u qu\u1ea3 v\u00e0 ch\u1ea5t l\u01b0\u1ee3ng.<\/p>\n<p>Ngay t\u1eeb giao di\u1ec7n, n\u1ec1n t\u1ea3ng n\u00e0y \u0111\u00e3 th\u1ec3 hi\u1ec7n r\u00f5 s\u1ef1 tinh g\u1ecdn v\u00e0 logic, gi\u00fap kh\u00e1ch h\u00e0ng\u00a0d\u1ec5 d\u00e0ng thao t\u00e1c m\u00e0 kh\u00f4ng m\u1ea5t qu\u00e1\u00a0nhi\u1ec1u th\u1eddi gian l\u00e0m quen. T\u1ed1c \u0111\u1ed9 ph\u1ea3n h\u1ed3i nhanh, \u00edt gi\u00e1n \u0111o\u1ea1n c\u0169ng l\u00e0 m\u1ed9t \u0111i\u1ec3m c\u1ed9ng l\u1edbn, \u0111\u1eb7c bi\u1ec7t \u0111\u1ed1i v\u1edbi nh\u1eefng ai \u0111\u1ec1 cao tr\u1ea3i nghi\u1ec7m m\u01b0\u1ee3t m\u00e0 v\u00e0 li\u00ean t\u1ee5c.<\/p>\n<p>B\u00ean c\u1ea1nh \u0111\u00f3, CM88 x\u00e2y d\u1ef1ng ni\u1ec1m tin b\u1eb1ng c\u00e1ch duy tr\u00ec s\u1ef1 r\u00f5 r\u00e0ng trong th\u00f4ng tin v\u00e0 d\u1ecbch v\u1ee5. Ng\u01b0\u1eddi d\u00f9ng c\u00f3 th\u1ec3 ch\u1ee7 \u0111\u1ed9ng ki\u1ec3m so\u00e1t qu\u00e1 tr\u00ecnh s\u1eed d\u1ee5ng c\u1ee7a m\u00ecnh, \u0111\u1ed3ng th\u1eddi nh\u1eadn \u0111\u01b0\u1ee3c s\u1ef1 h\u1ed7 tr\u1ee3 k\u1ecbp th\u1eddi khi c\u1ea7n thi\u1ebft. \u0110i\u1ec1u n\u00e0y t\u1ea1o n\u00ean c\u1ea3m gi\u00e1c an t\u00e2m, gi\u00fap tr\u1ea3i nghi\u1ec7m tr\u1edf n\u00ean tr\u1ecdn v\u1eb9n h\u01a1n.<\/p>\n<p>V\u1edbi c\u00e1ch ti\u1ebfp c\u1eadn ch\u00fa tr\u1ecdng v\u00e0o ng\u01b0\u1eddi d\u00f9ng, CM88 kh\u00f4ng ch\u1ec9 l\u00e0 n\u01a1i gi\u1ea3i tr\u00ed m\u00e0 c\u00f2n l\u00e0 l\u1ef1a ch\u1ecdn ph\u00f9 h\u1ee3p cho nh\u1eefng ai t\u00ecm ki\u1ebfm s\u1ef1 \u1ed5n \u0111\u1ecbnh, ti\u1ec7n l\u1ee3i v\u00e0 \u0111\u00e1ng tin c\u1eady trong m\u00f4i tr\u01b0\u1eddng tr\u1ef1c tuy\u1ebfn.<\/p>\n\n\t\t<\/div>\n\t\t\t\t\t<\/div>\n\n\t\n\n<\/div>\n\n","protected":false},"excerpt":{"rendered":"","protected":false},"author":1,"featured_media":0,"parent":0,"menu_order":0,"comment_status":"closed","ping_status":"closed","template":"","meta":{"footnotes":""},"class_list":["post-9","page","type-page","status-publish","hentry"],"_links":{"self":[{"href":"https:\/\/tridentcarclub.website\/index.php?rest_route=\/wp\/v2\/pages\/9","targetHints":{"allow":["GET"]}}],"collection":[{"href":"https:\/\/tridentcarclub.website\/index.php?rest_route=\/wp\/v2\/pages"}],"about":[{"href":"https:\/\/tridentcarclub.website\/index.php?rest_route=\/wp\/v2\/types\/page"}],"author":[{"embeddable":true,"href":"https:\/\/tridentcarclub.website\/index.php?rest_route=\/wp\/v2\/users\/1"}],"replies":[{"embeddable":true,"href":"https:\/\/tridentcarclub.website\/index.php?rest_route=%2Fwp%2Fv2%2Fcomments&post=9"}],"version-history":[{"count":3,"href":"https:\/\/tridentcarclub.website\/index.php?rest_route=\/wp\/v2\/pages\/9\/revisions"}],"predecessor-version":[{"id":13,"href":"https:\/\/tridentcarclub.website\/index.php?rest_route=\/wp\/v2\/pages\/9\/revisions\/13"}],"wp:attachment":[{"href":"https:\/\/tridentcarclub.website\/index.php?rest_route=%2Fwp%2Fv2%2Fmedia&parent=9"}],"curies":[{"name":"wp","href":"https:\/\/api.w.org\/{rel}","templated":true}]}}